{"id":312,"date":"2025-05-14T10:41:28","date_gmt":"2025-05-14T08:41:28","guid":{"rendered":"https:\/\/www.malovanysvet.sk\/contact\/"},"modified":"2025-10-01T08:24:55","modified_gmt":"2025-10-01T06:24:55","slug":"contact","status":"publish","type":"page","link":"https:\/\/www.malovanysvet.sk\/en\/contact\/","title":{"rendered":"Contact"},"content":{"rendered":"\n<div class=\"wp-block-cover alignfull container-maintitle\" style=\"min-height:259px;aspect-ratio:unset;\"><img loading=\"lazy\" decoding=\"async\" width=\"1024\" height=\"684\" class=\"wp-block-cover__image-background wp-image-133 size-large\" alt=\"\" src=\"https:\/\/www.malovanysvet.sk\/wp-content\/uploads\/2025\/05\/coverimage-1024x684.jpg\" style=\"object-position:57% 52%\" data-object-fit=\"cover\" data-object-position=\"57% 52%\" srcset=\"https:\/\/www.malovanysvet.sk\/wp-content\/uploads\/2025\/05\/coverimage-1024x684.jpg 1024w, https:\/\/www.malovanysvet.sk\/wp-content\/uploads\/2025\/05\/coverimage-300x200.jpg 300w, https:\/\/www.malovanysvet.sk\/wp-content\/uploads\/2025\/05\/coverimage-600x401.jpg 600w, https:\/\/www.malovanysvet.sk\/wp-content\/uploads\/2025\/05\/coverimage-768x513.jpg 768w, https:\/\/www.malovanysvet.sk\/wp-content\/uploads\/2025\/05\/coverimage-1536x1025.jpg 1536w, https:\/\/www.malovanysvet.sk\/wp-content\/uploads\/2025\/05\/coverimage-500x334.jpg 500w, https:\/\/www.malovanysvet.sk\/wp-content\/uploads\/2025\/05\/coverimage.jpg 1600w\" sizes=\"auto, (max-width: 1024px) 100vw, 1024px\" \/><span aria-hidden=\"true\" class=\"wp-block-cover__background has-black-background-color has-background-dim\"><\/span><div class=\"wp-block-cover__inner-container is-layout-constrained wp-block-cover-is-layout-constrained\">\n<h1 class=\"wp-block-heading has-text-align-left\">Contact<\/h1>\n<\/div><\/div>\n\n<div class=\"wp-block-columns is-layout-flex wp-container-core-columns-is-layout-28f84493 wp-block-columns-is-layout-flex\">\n<div class=\"wp-block-column is-layout-flow wp-block-column-is-layout-flow\">\n<h3 class=\"wp-block-heading\">COMPANY<\/h3>\n\n\n\n<p class=\"has-text-align-left\">Ma\u013eovan\u00fd svet s.r.o<br\/>Komensk\u00e9ho 500\/30<br\/>02901 N\u00e1mestovo<br\/>Slovakia<\/p>\n\n\n\n<p class=\"has-text-align-left\">VAT : 53 128 044<br\/>EU VAT(INCL. VAT) : SK2121 28 6365<\/p>\n<\/div>\n\n\n\n<div class=\"wp-block-column is-layout-flow wp-block-column-is-layout-flow\">\n<h3 class=\"wp-block-heading\">Contact<\/h3>\n\n\n\n<h4 class=\"wp-block-heading has-text-align-left\"><strong><a href=\"tel:421944386868\">+421944 38 68 68<\/a><br\/><a href=\"mailto:info@malovanysvet.sk\">info@malovanysvet.sk<\/a><\/strong><\/h4>\n\n\n\n<p class=\"has-text-align-left has-small-font-size\">Mon &#8211; Fri : 08:00 &#8211; 16:00<\/p>\n<\/div>\n\n\n\n<div class=\"wp-block-column is-layout-flow wp-block-column-is-layout-flow\">\n<h3 class=\"wp-block-heading\">Shop<\/h3>\n\n\n\n<p class=\"has-text-align-left\">Ma\u013eovan\u00fd svet s.r.o<br\/>Komensk\u00e9ho 500\/30<br\/>02901 N\u00e1mestovo<br\/>Slovakia<\/p>\n<\/div>\n<\/div>\n","protected":false},"excerpt":{"rendered":"<p>COMPANY Ma\u013eovan\u00fd svet s.r.oKomensk\u00e9ho 500\/3002901 N\u00e1mestovoSlovakia VAT : 53 128 044EU VAT(INCL. VAT) : SK2121 28 6365 Contact +421944 38 68 68info@malovanysvet.sk Mon &#8211; Fri : 08:00 &#8211; 16:00 Shop Ma\u013eovan\u00fd svet s.r.oKomensk\u00e9ho 500\/3002901 N\u00e1mestovoSlovakia<\/p>\n","protected":false},"author":1,"featured_media":0,"parent":0,"menu_order":0,"comment_status":"closed","ping_status":"closed","template":"","meta":{"_acf_changed":false,"footnotes":""},"class_list":["post-312","page","type-page","status-publish","hentry"],"acf":[],"yoast_head":"<!-- This site is optimized with the Yoast SEO plugin v27.3 - https:\/\/yoast.com\/product\/yoast-seo-wordpress\/ -->\n<title>Contact - Ma\u013eovan\u00fd svet<\/title>\n<meta name=\"robots\" content=\"index, follow, max-snippet:-1, max-image-preview:large, max-video-preview:-1\" \/>\n<link rel=\"canonical\" href=\"https:\/\/www.malovanysvet.sk\/en\/contact\/\" \/>\n<meta property=\"og:locale\" content=\"en_US\" \/>\n<meta property=\"og:type\" content=\"article\" \/>\n<meta property=\"og:title\" content=\"Contact - Ma\u013eovan\u00fd svet\" \/>\n<meta property=\"og:description\" content=\"COMPANY Ma\u013eovan\u00fd svet s.r.oKomensk\u00e9ho 500\/3002901 N\u00e1mestovoSlovakia VAT : 53 128 044EU VAT(INCL. VAT) : SK2121 28 6365 Contact +421944 38 68 68info@malovanysvet.sk Mon &#8211; Fri : 08:00 &#8211; 16:00 Shop Ma\u013eovan\u00fd svet s.r.oKomensk\u00e9ho 500\/3002901 N\u00e1mestovoSlovakia\" \/>\n<meta property=\"og:url\" content=\"https:\/\/www.malovanysvet.sk\/en\/contact\/\" \/>\n<meta property=\"og:site_name\" content=\"Ma\u013eovan\u00fd svet\" \/>\n<meta property=\"article:publisher\" content=\"https:\/\/www.facebook.com\/malovanysvet.sk\" \/>\n<meta property=\"article:modified_time\" content=\"2025-10-01T06:24:55+00:00\" \/>\n<meta property=\"og:image\" content=\"https:\/\/www.malovanysvet.sk\/wp-content\/uploads\/2025\/05\/coverimage.jpg\" \/>\n\t<meta property=\"og:image:width\" content=\"1600\" \/>\n\t<meta property=\"og:image:height\" content=\"1068\" \/>\n\t<meta property=\"og:image:type\" content=\"image\/jpeg\" \/>\n<meta name=\"twitter:card\" content=\"summary_large_image\" \/>\n<script type=\"application\/ld+json\" class=\"yoast-schema-graph\">{\"@context\":\"https:\\\/\\\/schema.org\",\"@graph\":[{\"@type\":\"WebPage\",\"@id\":\"https:\\\/\\\/www.malovanysvet.sk\\\/en\\\/contact\\\/\",\"url\":\"https:\\\/\\\/www.malovanysvet.sk\\\/en\\\/contact\\\/\",\"name\":\"Contact - Ma\u013eovan\u00fd svet\",\"isPartOf\":{\"@id\":\"https:\\\/\\\/www.malovanysvet.sk\\\/#website\"},\"primaryImageOfPage\":{\"@id\":\"https:\\\/\\\/www.malovanysvet.sk\\\/en\\\/contact\\\/#primaryimage\"},\"image\":{\"@id\":\"https:\\\/\\\/www.malovanysvet.sk\\\/en\\\/contact\\\/#primaryimage\"},\"thumbnailUrl\":\"https:\\\/\\\/www.malovanysvet.sk\\\/wp-content\\\/uploads\\\/2025\\\/05\\\/coverimage-1024x684.jpg\",\"datePublished\":\"2025-05-14T08:41:28+00:00\",\"dateModified\":\"2025-10-01T06:24:55+00:00\",\"breadcrumb\":{\"@id\":\"https:\\\/\\\/www.malovanysvet.sk\\\/en\\\/contact\\\/#breadcrumb\"},\"inLanguage\":\"en-US\",\"potentialAction\":[{\"@type\":\"ReadAction\",\"target\":[\"https:\\\/\\\/www.malovanysvet.sk\\\/en\\\/contact\\\/\"]}]},{\"@type\":\"ImageObject\",\"inLanguage\":\"en-US\",\"@id\":\"https:\\\/\\\/www.malovanysvet.sk\\\/en\\\/contact\\\/#primaryimage\",\"url\":\"https:\\\/\\\/www.malovanysvet.sk\\\/wp-content\\\/uploads\\\/2025\\\/05\\\/coverimage-1024x684.jpg\",\"contentUrl\":\"https:\\\/\\\/www.malovanysvet.sk\\\/wp-content\\\/uploads\\\/2025\\\/05\\\/coverimage-1024x684.jpg\"},{\"@type\":\"BreadcrumbList\",\"@id\":\"https:\\\/\\\/www.malovanysvet.sk\\\/en\\\/contact\\\/#breadcrumb\",\"itemListElement\":[{\"@type\":\"ListItem\",\"position\":1,\"name\":\"Domovsk\u00e1 str\u00e1nka\",\"item\":\"https:\\\/\\\/www.malovanysvet.sk\\\/en\\\/\"},{\"@type\":\"ListItem\",\"position\":2,\"name\":\"Contact\"}]},{\"@type\":\"WebSite\",\"@id\":\"https:\\\/\\\/www.malovanysvet.sk\\\/#website\",\"url\":\"https:\\\/\\\/www.malovanysvet.sk\\\/\",\"name\":\"malovanysvet.sk\",\"description\":\"Zna\u010dkov\u00e1 ru\u010dne vyr\u00e1ban\u00e1 keramika na Slovensku\",\"publisher\":{\"@id\":\"https:\\\/\\\/www.malovanysvet.sk\\\/#organization\"},\"potentialAction\":[{\"@type\":\"SearchAction\",\"target\":{\"@type\":\"EntryPoint\",\"urlTemplate\":\"https:\\\/\\\/www.malovanysvet.sk\\\/?s={search_term_string}\"},\"query-input\":{\"@type\":\"PropertyValueSpecification\",\"valueRequired\":true,\"valueName\":\"search_term_string\"}}],\"inLanguage\":\"en-US\"},{\"@type\":\"Organization\",\"@id\":\"https:\\\/\\\/www.malovanysvet.sk\\\/#organization\",\"name\":\"MA\u013dOVAN\u00dd SVET s. r. o.\",\"url\":\"https:\\\/\\\/www.malovanysvet.sk\\\/\",\"logo\":{\"@type\":\"ImageObject\",\"inLanguage\":\"en-US\",\"@id\":\"https:\\\/\\\/www.malovanysvet.sk\\\/#\\\/schema\\\/logo\\\/image\\\/\",\"url\":\"https:\\\/\\\/www.malovanysvet.sk\\\/wp-content\\\/uploads\\\/2025\\\/05\\\/cropped-favicon.png\",\"contentUrl\":\"https:\\\/\\\/www.malovanysvet.sk\\\/wp-content\\\/uploads\\\/2025\\\/05\\\/cropped-favicon.png\",\"width\":512,\"height\":512,\"caption\":\"MA\u013dOVAN\u00dd SVET s. r. o.\"},\"image\":{\"@id\":\"https:\\\/\\\/www.malovanysvet.sk\\\/#\\\/schema\\\/logo\\\/image\\\/\"},\"sameAs\":[\"https:\\\/\\\/www.facebook.com\\\/malovanysvet.sk\",\"https:\\\/\\\/www.instagram.com\\\/malovanysvet\\\/\"]}]}<\/script>\n<!-- \/ Yoast SEO plugin. -->","yoast_head_json":{"title":"Contact - Ma\u013eovan\u00fd svet","robots":{"index":"index","follow":"follow","max-snippet":"max-snippet:-1","max-image-preview":"max-image-preview:large","max-video-preview":"max-video-preview:-1"},"canonical":"https:\/\/www.malovanysvet.sk\/en\/contact\/","og_locale":"en_US","og_type":"article","og_title":"Contact - Ma\u013eovan\u00fd svet","og_description":"COMPANY Ma\u013eovan\u00fd svet s.r.oKomensk\u00e9ho 500\/3002901 N\u00e1mestovoSlovakia VAT : 53 128 044EU VAT(INCL. VAT) : SK2121 28 6365 Contact +421944 38 68 68info@malovanysvet.sk Mon &#8211; Fri : 08:00 &#8211; 16:00 Shop Ma\u013eovan\u00fd svet s.r.oKomensk\u00e9ho 500\/3002901 N\u00e1mestovoSlovakia","og_url":"https:\/\/www.malovanysvet.sk\/en\/contact\/","og_site_name":"Ma\u013eovan\u00fd svet","article_publisher":"https:\/\/www.facebook.com\/malovanysvet.sk","article_modified_time":"2025-10-01T06:24:55+00:00","og_image":[{"width":1600,"height":1068,"url":"https:\/\/www.malovanysvet.sk\/wp-content\/uploads\/2025\/05\/coverimage.jpg","type":"image\/jpeg"}],"twitter_card":"summary_large_image","schema":{"@context":"https:\/\/schema.org","@graph":[{"@type":"WebPage","@id":"https:\/\/www.malovanysvet.sk\/en\/contact\/","url":"https:\/\/www.malovanysvet.sk\/en\/contact\/","name":"Contact - Ma\u013eovan\u00fd svet","isPartOf":{"@id":"https:\/\/www.malovanysvet.sk\/#website"},"primaryImageOfPage":{"@id":"https:\/\/www.malovanysvet.sk\/en\/contact\/#primaryimage"},"image":{"@id":"https:\/\/www.malovanysvet.sk\/en\/contact\/#primaryimage"},"thumbnailUrl":"https:\/\/www.malovanysvet.sk\/wp-content\/uploads\/2025\/05\/coverimage-1024x684.jpg","datePublished":"2025-05-14T08:41:28+00:00","dateModified":"2025-10-01T06:24:55+00:00","breadcrumb":{"@id":"https:\/\/www.malovanysvet.sk\/en\/contact\/#breadcrumb"},"inLanguage":"en-US","potentialAction":[{"@type":"ReadAction","target":["https:\/\/www.malovanysvet.sk\/en\/contact\/"]}]},{"@type":"ImageObject","inLanguage":"en-US","@id":"https:\/\/www.malovanysvet.sk\/en\/contact\/#primaryimage","url":"https:\/\/www.malovanysvet.sk\/wp-content\/uploads\/2025\/05\/coverimage-1024x684.jpg","contentUrl":"https:\/\/www.malovanysvet.sk\/wp-content\/uploads\/2025\/05\/coverimage-1024x684.jpg"},{"@type":"BreadcrumbList","@id":"https:\/\/www.malovanysvet.sk\/en\/contact\/#breadcrumb","itemListElement":[{"@type":"ListItem","position":1,"name":"Domovsk\u00e1 str\u00e1nka","item":"https:\/\/www.malovanysvet.sk\/en\/"},{"@type":"ListItem","position":2,"name":"Contact"}]},{"@type":"WebSite","@id":"https:\/\/www.malovanysvet.sk\/#website","url":"https:\/\/www.malovanysvet.sk\/","name":"malovanysvet.sk","description":"Zna\u010dkov\u00e1 ru\u010dne vyr\u00e1ban\u00e1 keramika na Slovensku","publisher":{"@id":"https:\/\/www.malovanysvet.sk\/#organization"},"potentialAction":[{"@type":"SearchAction","target":{"@type":"EntryPoint","urlTemplate":"https:\/\/www.malovanysvet.sk\/?s={search_term_string}"},"query-input":{"@type":"PropertyValueSpecification","valueRequired":true,"valueName":"search_term_string"}}],"inLanguage":"en-US"},{"@type":"Organization","@id":"https:\/\/www.malovanysvet.sk\/#organization","name":"MA\u013dOVAN\u00dd SVET s. r. o.","url":"https:\/\/www.malovanysvet.sk\/","logo":{"@type":"ImageObject","inLanguage":"en-US","@id":"https:\/\/www.malovanysvet.sk\/#\/schema\/logo\/image\/","url":"https:\/\/www.malovanysvet.sk\/wp-content\/uploads\/2025\/05\/cropped-favicon.png","contentUrl":"https:\/\/www.malovanysvet.sk\/wp-content\/uploads\/2025\/05\/cropped-favicon.png","width":512,"height":512,"caption":"MA\u013dOVAN\u00dd SVET s. r. o."},"image":{"@id":"https:\/\/www.malovanysvet.sk\/#\/schema\/logo\/image\/"},"sameAs":["https:\/\/www.facebook.com\/malovanysvet.sk","https:\/\/www.instagram.com\/malovanysvet\/"]}]}},"_links":{"self":[{"href":"https:\/\/www.malovanysvet.sk\/en\/wp-json\/wp\/v2\/pages\/312","targetHints":{"allow":["GET"]}}],"collection":[{"href":"https:\/\/www.malovanysvet.sk\/en\/wp-json\/wp\/v2\/pages"}],"about":[{"href":"https:\/\/www.malovanysvet.sk\/en\/wp-json\/wp\/v2\/types\/page"}],"author":[{"embeddable":true,"href":"https:\/\/www.malovanysvet.sk\/en\/wp-json\/wp\/v2\/users\/1"}],"replies":[{"embeddable":true,"href":"https:\/\/www.malovanysvet.sk\/en\/wp-json\/wp\/v2\/comments?post=312"}],"version-history":[{"count":2,"href":"https:\/\/www.malovanysvet.sk\/en\/wp-json\/wp\/v2\/pages\/312\/revisions"}],"predecessor-version":[{"id":351,"href":"https:\/\/www.malovanysvet.sk\/en\/wp-json\/wp\/v2\/pages\/312\/revisions\/351"}],"wp:attachment":[{"href":"https:\/\/www.malovanysvet.sk\/en\/wp-json\/wp\/v2\/media?parent=312"}],"curies":[{"name":"wp","href":"https:\/\/api.w.org\/{rel}","templated":true}]}}