{"id":353,"date":"2025-05-14T10:41:28","date_gmt":"2025-05-14T08:41:28","guid":{"rendered":"https:\/\/www.malovanysvet.sk\/where-can-you-find-us\/"},"modified":"2025-10-06T12:25:38","modified_gmt":"2025-10-06T10:25:38","slug":"where-can-you-find-us","status":"publish","type":"page","link":"https:\/\/www.malovanysvet.sk\/en\/where-can-you-find-us\/","title":{"rendered":"Where can you find us?"},"content":{"rendered":"","protected":false},"excerpt":{"rendered":"","protected":false},"author":1,"featured_media":1648,"parent":0,"menu_order":0,"comment_status":"closed","ping_status":"closed","template":"","meta":{"_acf_changed":false,"footnotes":""},"class_list":["post-353","page","type-page","status-publish","has-post-thumbnail","hentry"],"acf":[],"yoast_head":"<!-- This site is optimized with the Yoast SEO plugin v27.3 - https:\/\/yoast.com\/product\/yoast-seo-wordpress\/ -->\n<title>Where can you find us? - Ma\u013eovan\u00fd svet<\/title>\n<meta name=\"robots\" content=\"index, follow, max-snippet:-1, max-image-preview:large, max-video-preview:-1\" \/>\n<link rel=\"canonical\" href=\"https:\/\/www.malovanysvet.sk\/en\/where-can-you-find-us\/\" \/>\n<meta property=\"og:locale\" content=\"en_US\" \/>\n<meta property=\"og:type\" content=\"article\" \/>\n<meta property=\"og:title\" content=\"Where can you find us? - Ma\u013eovan\u00fd svet\" \/>\n<meta property=\"og:url\" content=\"https:\/\/www.malovanysvet.sk\/en\/where-can-you-find-us\/\" \/>\n<meta property=\"og:site_name\" content=\"Ma\u013eovan\u00fd svet\" \/>\n<meta property=\"article:publisher\" content=\"https:\/\/www.facebook.com\/malovanysvet.sk\" \/>\n<meta property=\"article:modified_time\" content=\"2025-10-06T10:25:38+00:00\" \/>\n<meta property=\"og:image\" content=\"https:\/\/www.malovanysvet.sk\/wp-content\/uploads\/2025\/05\/slider-item.jpg\" \/>\n\t<meta property=\"og:image:width\" content=\"580\" \/>\n\t<meta property=\"og:image:height\" content=\"653\" \/>\n\t<meta property=\"og:image:type\" content=\"image\/jpeg\" \/>\n<meta name=\"twitter:card\" content=\"summary_large_image\" \/>\n<script type=\"application\/ld+json\" class=\"yoast-schema-graph\">{\"@context\":\"https:\\\/\\\/schema.org\",\"@graph\":[{\"@type\":\"WebPage\",\"@id\":\"https:\\\/\\\/www.malovanysvet.sk\\\/en\\\/where-can-you-find-us\\\/\",\"url\":\"https:\\\/\\\/www.malovanysvet.sk\\\/en\\\/where-can-you-find-us\\\/\",\"name\":\"Where can you find us? - Ma\u013eovan\u00fd svet\",\"isPartOf\":{\"@id\":\"https:\\\/\\\/www.malovanysvet.sk\\\/#website\"},\"primaryImageOfPage\":{\"@id\":\"https:\\\/\\\/www.malovanysvet.sk\\\/en\\\/where-can-you-find-us\\\/#primaryimage\"},\"image\":{\"@id\":\"https:\\\/\\\/www.malovanysvet.sk\\\/en\\\/where-can-you-find-us\\\/#primaryimage\"},\"thumbnailUrl\":\"https:\\\/\\\/www.malovanysvet.sk\\\/wp-content\\\/uploads\\\/2026\\\/03\\\/IMG_9585.jpg\",\"datePublished\":\"2025-05-14T08:41:28+00:00\",\"dateModified\":\"2025-10-06T10:25:38+00:00\",\"breadcrumb\":{\"@id\":\"https:\\\/\\\/www.malovanysvet.sk\\\/en\\\/where-can-you-find-us\\\/#breadcrumb\"},\"inLanguage\":\"en-US\",\"potentialAction\":[{\"@type\":\"ReadAction\",\"target\":[\"https:\\\/\\\/www.malovanysvet.sk\\\/en\\\/where-can-you-find-us\\\/\"]}]},{\"@type\":\"ImageObject\",\"inLanguage\":\"en-US\",\"@id\":\"https:\\\/\\\/www.malovanysvet.sk\\\/en\\\/where-can-you-find-us\\\/#primaryimage\",\"url\":\"https:\\\/\\\/www.malovanysvet.sk\\\/wp-content\\\/uploads\\\/2026\\\/03\\\/IMG_9585.jpg\",\"contentUrl\":\"https:\\\/\\\/www.malovanysvet.sk\\\/wp-content\\\/uploads\\\/2026\\\/03\\\/IMG_9585.jpg\",\"width\":2087,\"height\":2329},{\"@type\":\"BreadcrumbList\",\"@id\":\"https:\\\/\\\/www.malovanysvet.sk\\\/en\\\/where-can-you-find-us\\\/#breadcrumb\",\"itemListElement\":[{\"@type\":\"ListItem\",\"position\":1,\"name\":\"Domovsk\u00e1 str\u00e1nka\",\"item\":\"https:\\\/\\\/www.malovanysvet.sk\\\/en\\\/\"},{\"@type\":\"ListItem\",\"position\":2,\"name\":\"Where can you find us?\"}]},{\"@type\":\"WebSite\",\"@id\":\"https:\\\/\\\/www.malovanysvet.sk\\\/#website\",\"url\":\"https:\\\/\\\/www.malovanysvet.sk\\\/\",\"name\":\"malovanysvet.sk\",\"description\":\"Zna\u010dkov\u00e1 ru\u010dne vyr\u00e1ban\u00e1 keramika na Slovensku\",\"publisher\":{\"@id\":\"https:\\\/\\\/www.malovanysvet.sk\\\/#organization\"},\"potentialAction\":[{\"@type\":\"SearchAction\",\"target\":{\"@type\":\"EntryPoint\",\"urlTemplate\":\"https:\\\/\\\/www.malovanysvet.sk\\\/?s={search_term_string}\"},\"query-input\":{\"@type\":\"PropertyValueSpecification\",\"valueRequired\":true,\"valueName\":\"search_term_string\"}}],\"inLanguage\":\"en-US\"},{\"@type\":\"Organization\",\"@id\":\"https:\\\/\\\/www.malovanysvet.sk\\\/#organization\",\"name\":\"MA\u013dOVAN\u00dd SVET s. r. o.\",\"url\":\"https:\\\/\\\/www.malovanysvet.sk\\\/\",\"logo\":{\"@type\":\"ImageObject\",\"inLanguage\":\"en-US\",\"@id\":\"https:\\\/\\\/www.malovanysvet.sk\\\/#\\\/schema\\\/logo\\\/image\\\/\",\"url\":\"https:\\\/\\\/www.malovanysvet.sk\\\/wp-content\\\/uploads\\\/2025\\\/05\\\/cropped-favicon.png\",\"contentUrl\":\"https:\\\/\\\/www.malovanysvet.sk\\\/wp-content\\\/uploads\\\/2025\\\/05\\\/cropped-favicon.png\",\"width\":512,\"height\":512,\"caption\":\"MA\u013dOVAN\u00dd SVET s. r. o.\"},\"image\":{\"@id\":\"https:\\\/\\\/www.malovanysvet.sk\\\/#\\\/schema\\\/logo\\\/image\\\/\"},\"sameAs\":[\"https:\\\/\\\/www.facebook.com\\\/malovanysvet.sk\",\"https:\\\/\\\/www.instagram.com\\\/malovanysvet\\\/\"]}]}<\/script>\n<!-- \/ Yoast SEO plugin. -->","yoast_head_json":{"title":"Where can you find us? - Ma\u013eovan\u00fd svet","robots":{"index":"index","follow":"follow","max-snippet":"max-snippet:-1","max-image-preview":"max-image-preview:large","max-video-preview":"max-video-preview:-1"},"canonical":"https:\/\/www.malovanysvet.sk\/en\/where-can-you-find-us\/","og_locale":"en_US","og_type":"article","og_title":"Where can you find us? - Ma\u013eovan\u00fd svet","og_url":"https:\/\/www.malovanysvet.sk\/en\/where-can-you-find-us\/","og_site_name":"Ma\u013eovan\u00fd svet","article_publisher":"https:\/\/www.facebook.com\/malovanysvet.sk","article_modified_time":"2025-10-06T10:25:38+00:00","og_image":[{"width":580,"height":653,"url":"https:\/\/www.malovanysvet.sk\/wp-content\/uploads\/2025\/05\/slider-item.jpg","type":"image\/jpeg"}],"twitter_card":"summary_large_image","schema":{"@context":"https:\/\/schema.org","@graph":[{"@type":"WebPage","@id":"https:\/\/www.malovanysvet.sk\/en\/where-can-you-find-us\/","url":"https:\/\/www.malovanysvet.sk\/en\/where-can-you-find-us\/","name":"Where can you find us? - Ma\u013eovan\u00fd svet","isPartOf":{"@id":"https:\/\/www.malovanysvet.sk\/#website"},"primaryImageOfPage":{"@id":"https:\/\/www.malovanysvet.sk\/en\/where-can-you-find-us\/#primaryimage"},"image":{"@id":"https:\/\/www.malovanysvet.sk\/en\/where-can-you-find-us\/#primaryimage"},"thumbnailUrl":"https:\/\/www.malovanysvet.sk\/wp-content\/uploads\/2026\/03\/IMG_9585.jpg","datePublished":"2025-05-14T08:41:28+00:00","dateModified":"2025-10-06T10:25:38+00:00","breadcrumb":{"@id":"https:\/\/www.malovanysvet.sk\/en\/where-can-you-find-us\/#breadcrumb"},"inLanguage":"en-US","potentialAction":[{"@type":"ReadAction","target":["https:\/\/www.malovanysvet.sk\/en\/where-can-you-find-us\/"]}]},{"@type":"ImageObject","inLanguage":"en-US","@id":"https:\/\/www.malovanysvet.sk\/en\/where-can-you-find-us\/#primaryimage","url":"https:\/\/www.malovanysvet.sk\/wp-content\/uploads\/2026\/03\/IMG_9585.jpg","contentUrl":"https:\/\/www.malovanysvet.sk\/wp-content\/uploads\/2026\/03\/IMG_9585.jpg","width":2087,"height":2329},{"@type":"BreadcrumbList","@id":"https:\/\/www.malovanysvet.sk\/en\/where-can-you-find-us\/#breadcrumb","itemListElement":[{"@type":"ListItem","position":1,"name":"Domovsk\u00e1 str\u00e1nka","item":"https:\/\/www.malovanysvet.sk\/en\/"},{"@type":"ListItem","position":2,"name":"Where can you find us?"}]},{"@type":"WebSite","@id":"https:\/\/www.malovanysvet.sk\/#website","url":"https:\/\/www.malovanysvet.sk\/","name":"malovanysvet.sk","description":"Zna\u010dkov\u00e1 ru\u010dne vyr\u00e1ban\u00e1 keramika na Slovensku","publisher":{"@id":"https:\/\/www.malovanysvet.sk\/#organization"},"potentialAction":[{"@type":"SearchAction","target":{"@type":"EntryPoint","urlTemplate":"https:\/\/www.malovanysvet.sk\/?s={search_term_string}"},"query-input":{"@type":"PropertyValueSpecification","valueRequired":true,"valueName":"search_term_string"}}],"inLanguage":"en-US"},{"@type":"Organization","@id":"https:\/\/www.malovanysvet.sk\/#organization","name":"MA\u013dOVAN\u00dd SVET s. r. o.","url":"https:\/\/www.malovanysvet.sk\/","logo":{"@type":"ImageObject","inLanguage":"en-US","@id":"https:\/\/www.malovanysvet.sk\/#\/schema\/logo\/image\/","url":"https:\/\/www.malovanysvet.sk\/wp-content\/uploads\/2025\/05\/cropped-favicon.png","contentUrl":"https:\/\/www.malovanysvet.sk\/wp-content\/uploads\/2025\/05\/cropped-favicon.png","width":512,"height":512,"caption":"MA\u013dOVAN\u00dd SVET s. r. o."},"image":{"@id":"https:\/\/www.malovanysvet.sk\/#\/schema\/logo\/image\/"},"sameAs":["https:\/\/www.facebook.com\/malovanysvet.sk","https:\/\/www.instagram.com\/malovanysvet\/"]}]}},"_links":{"self":[{"href":"https:\/\/www.malovanysvet.sk\/en\/wp-json\/wp\/v2\/pages\/353","targetHints":{"allow":["GET"]}}],"collection":[{"href":"https:\/\/www.malovanysvet.sk\/en\/wp-json\/wp\/v2\/pages"}],"about":[{"href":"https:\/\/www.malovanysvet.sk\/en\/wp-json\/wp\/v2\/types\/page"}],"author":[{"embeddable":true,"href":"https:\/\/www.malovanysvet.sk\/en\/wp-json\/wp\/v2\/users\/1"}],"replies":[{"embeddable":true,"href":"https:\/\/www.malovanysvet.sk\/en\/wp-json\/wp\/v2\/comments?post=353"}],"version-history":[{"count":5,"href":"https:\/\/www.malovanysvet.sk\/en\/wp-json\/wp\/v2\/pages\/353\/revisions"}],"predecessor-version":[{"id":427,"href":"https:\/\/www.malovanysvet.sk\/en\/wp-json\/wp\/v2\/pages\/353\/revisions\/427"}],"wp:featuredmedia":[{"embeddable":true,"href":"https:\/\/www.malovanysvet.sk\/en\/wp-json\/wp\/v2\/media\/1648"}],"wp:attachment":[{"href":"https:\/\/www.malovanysvet.sk\/en\/wp-json\/wp\/v2\/media?parent=353"}],"curies":[{"name":"wp","href":"https:\/\/api.w.org\/{rel}","templated":true}]}}